{"id":7862,"date":"2018-12-18T12:21:41","date_gmt":"2018-12-18T12:21:41","guid":{"rendered":"https:\/\/lesexterminateurs.ca\/contactez-nous\/"},"modified":"2025-06-27T16:16:38","modified_gmt":"2025-06-27T16:16:38","slug":"contactez-nous","status":"publish","type":"page","link":"https:\/\/lesexterminateurs.ca\/fr\/contactez-nous\/","title":{"rendered":"Contactez-nous"},"content":{"rendered":"<section class=\"wpb-content-wrapper\"><p>[vc_row content_placement=\u00a0\u00bbtop\u00a0\u00bb row_btt_skin=\u00a0\u00bblight\u00a0\u00bb row_background_text_position=\u00a0\u00bbfront\u00a0\u00bb][vc_column][vc_single_image image=\u00a0\u00bb8258&Prime; img_size=\u00a0\u00bbfull\u00a0\u00bb alignment=\u00a0\u00bbcenter\u00a0\u00bb][\/vc_column][\/vc_row][vc_row row_btt_skin=\u00a0\u00bblight\u00a0\u00bb row_background_text_position=\u00a0\u00bbfront\u00a0\u00bb][vc_column]<div class=\"mkdf-elements-holder   mkdf-two-columns  mkdf-responsive-mode-1024 \" ><div class=\"mkdf-eh-item    \"  data-item-class=\"mkdf-eh-custom-4273\" data-1367-1600=\"92px 160px 130px 93px\" data-1025-1366=\"92px 125px 130px 126px\" data-769-1024=\"92px 136px 130px 137px\" data-681-768=\"92px 65px 130px 66px\" data-680=\"92px 28px 130px 28px\">\n\t<div class=\"mkdf-eh-item-inner\">\n\t\t<div class=\"mkdf-eh-item-content mkdf-eh-custom-4273\" style=\"padding: 92px 115px 130px 310px\">\n\t\t\t\n<div class=\"wpcf7 no-js\" id=\"wpcf7-f7867-o1\" lang=\"fr-FR\" dir=\"ltr\" data-wpcf7-id=\"7867\">\n<div class=\"screen-reader-response\"><p role=\"status\" aria-live=\"polite\" aria-atomic=\"true\"><\/p> <ul><\/ul><\/div>\n<form action=\"\/fr\/wp-json\/wp\/v2\/pages\/7862#wpcf7-f7867-o1\" method=\"post\" class=\"wpcf7-form init cf7_custom_style_1\" aria-label=\"Formulaire de contact\" novalidate=\"novalidate\" data-status=\"init\">\n<fieldset class=\"hidden-fields-container\"><input type=\"hidden\" name=\"_wpcf7\" value=\"7867\" \/><input type=\"hidden\" name=\"_wpcf7_version\" value=\"6.1.5\" \/><input type=\"hidden\" name=\"_wpcf7_locale\" value=\"fr_FR\" \/><input type=\"hidden\" name=\"_wpcf7_unit_tag\" value=\"wpcf7-f7867-o1\" \/><input type=\"hidden\" name=\"_wpcf7_container_post\" value=\"0\" \/><input type=\"hidden\" name=\"_wpcf7_posted_data_hash\" value=\"\" \/>\n<\/fieldset>\n<label> Votre nom\n    <span class=\"wpcf7-form-control-wrap\" data-name=\"your-name\"><input size=\"40\" maxlength=\"400\" class=\"wpcf7-form-control wpcf7-text wpcf7-validates-as-required\" autocomplete=\"name\" aria-required=\"true\" aria-invalid=\"false\" value=\"\" type=\"text\" name=\"your-name\" \/><\/span> <\/label>\n\n<label> Votre email\n    <span class=\"wpcf7-form-control-wrap\" data-name=\"your-email\"><input size=\"40\" maxlength=\"400\" class=\"wpcf7-form-control wpcf7-email wpcf7-validates-as-required wpcf7-text wpcf7-validates-as-email\" autocomplete=\"email\" aria-required=\"true\" aria-invalid=\"false\" value=\"\" type=\"email\" name=\"your-email\" \/><\/span> <\/label>\n\n<label> Votre num\u00e9ro de t\u00e9l\u00e9phone\n    <span class=\"wpcf7-form-control-wrap\" data-name=\"tel-970\"><input size=\"40\" maxlength=\"400\" class=\"wpcf7-form-control wpcf7-tel wpcf7-validates-as-required wpcf7-text wpcf7-validates-as-tel\" autocomplete=\"tel\" aria-required=\"true\" aria-invalid=\"false\" value=\"\" type=\"tel\" name=\"tel-970\" \/><\/span> <\/label>\n\n<label> Sujet\n    <span class=\"wpcf7-form-control-wrap\" data-name=\"your-subject\"><input size=\"40\" maxlength=\"400\" class=\"wpcf7-form-control wpcf7-text wpcf7-validates-as-required\" aria-required=\"true\" aria-invalid=\"false\" value=\"\" type=\"text\" name=\"your-subject\" \/><\/span> <\/label>\n\n<label> Votre message (optional)\n    <span class=\"wpcf7-form-control-wrap\" data-name=\"your-message\"><textarea cols=\"40\" rows=\"10\" maxlength=\"2000\" class=\"wpcf7-form-control wpcf7-textarea\" aria-invalid=\"false\" name=\"your-message\"><\/textarea><\/span> <\/label>\n\n<button class=\"wpcf7-form-control wpcf7-submit mkdf-btn mkdf-btn-medium mkdf-btn-solid\" type=\"submit\"><span class=\"mkdf-btn-text\">Submit<\/span><\/button><p style=\"display: none !important;\" class=\"akismet-fields-container\" data-prefix=\"_wpcf7_ak_\"><label>&#916;<textarea name=\"_wpcf7_ak_hp_textarea\" cols=\"45\" rows=\"8\" maxlength=\"100\"><\/textarea><\/label><input type=\"hidden\" id=\"ak_js_1\" name=\"_wpcf7_ak_js\" value=\"136\"\/><script>document.getElementById( \"ak_js_1\" ).setAttribute( \"value\", ( new Date() ).getTime() );<\/script><\/p><div class=\"wpcf7-response-output\" aria-hidden=\"true\"><\/div>\n<\/form>\n<\/div>\n\t\t<\/div>\n\t<\/div>\n<\/div><div class=\"mkdf-eh-item    \" style=\"background-color: #00235a\" data-item-class=\"mkdf-eh-custom-4960\" data-1367-1600=\"0px 180px 100px 87px\" data-1025-1366=\"0px 170px 100px 70px\" data-769-1024=\"120px 570px 130px 137px\" data-681-768=\"120px 380px 130px 65px\" data-680=\"120px 70px 130px 27px\">\n\t<div class=\"mkdf-eh-item-inner\">\n\t\t<div class=\"mkdf-eh-item-content mkdf-eh-custom-4960\" style=\"padding: 0px 300px 100px 70px\">\n\t\t\t<div class=\"mkdf-section-title-holder  mkdf-st-standard mkdf-st-title-left mkdf-st-normal-space \" >\n\t<div class=\"mkdf-st-inner\">\n                    <h6 class=\"mkdf-st-intro-title\" style=\"color: #ffffff\">\n                Confiance. Exp\u00e9riment\u00e9. D\u00e9di\u00e9            <\/h6>\n        \t\t\t\t\t<h2 class=\"mkdf-st-title\" style=\"color: #ffffff\">\n\t\t\t\tContactez-nous<br \/> aujourd'hui\t\t\t<\/h2>\n\t\t\t\t\t<\/div>\n<\/div>[vc_empty_space height=\u00a0\u00bb31px\u00a0\u00bb][vc_column_text]<span style=\"color: #ffffff;\">5929 Trans Canada<\/span><\/p>\n<p><span style=\"color: #ffffff;\">Saint-Laurent, QC H4T 1Z6<\/span>[\/vc_column_text][vc_empty_space][vc_column_text]<\/p>\n<p style=\"margin-bottom: -4px;\"><span style=\"color: #ffffff;\">info@lesexterminateurs.ca<\/span><\/p>\n<p>[\/vc_column_text][vc_column_text]<span style=\"color: #ffffff;\">Tel : <\/span><a class=\"mkdf-white-hover\" href=\"tel:881010000000\">(514) 213 9544<\/a>[\/vc_column_text][vc_empty_space height=\u00a0\u00bb18px\u00a0\u00bb][vc_column_text]<\/p>\n<h4><a style=\"color: #ffffff;\">Suivez-nous sur :<\/a><\/h4>\n<p>[\/vc_column_text]    <span class=\"mkdf-icon-shortcode mkdf-normal   \" style=\"margin: 14px 0px 0px -3px\" data-hover-color=\"#70b743\" data-color=\"#ffffff\">\n                    <a itemprop=\"url\" class=\"\" href=\"https:\/\/www.facebook.com\/Les%20Exterminateurextermination\/\" target=\"_blank\">\n                    <span aria-hidden=\"true\" class=\"mkdf-icon-font-elegant social_facebook mkdf-icon-element\" style=\"color: #ffffff\" ><\/span>                    <\/a>\n            <\/span>\n    <span class=\"mkdf-icon-shortcode mkdf-normal   \" style=\"margin: 14px 0px 0px 21px\" data-hover-color=\"#70b743\" data-color=\"#ffffff\">\n                    <a itemprop=\"url\" class=\"\" href=\"https:\/\/instagram.com\/Les%20Exterminateurextermination\" target=\"_blank\">\n                    <span aria-hidden=\"true\" class=\"mkdf-icon-font-elegant social_instagram mkdf-icon-element\" style=\"color: #ffffff\" ><\/span>                    <\/a>\n            <\/span>\n    <span class=\"mkdf-icon-shortcode mkdf-normal   \" style=\"margin: 14px 0px 0px 21px\" data-hover-color=\"#70b743\" data-color=\"#ffffff\">\n                    <a itemprop=\"url\" class=\"\" href=\"https:\/\/twitter.com\/Les%20Exterminateurextermination\" target=\"_blank\">\n                    <span aria-hidden=\"true\" class=\"mkdf-icon-font-elegant social_twitter mkdf-icon-element\" style=\"color: #ffffff\" ><\/span>                    <\/a>\n            <\/span>\n    <span class=\"mkdf-icon-shortcode mkdf-normal   \" style=\"margin: 14px 0 0 21px\" data-hover-color=\"#70b743\" data-color=\"#ffffff\">\n                    <a itemprop=\"url\" class=\"\" href=\"https:\/\/www.linkedin.com\/company\/Les%20Exterminateur-extermination\" target=\"_blank\">\n                    <span aria-hidden=\"true\" class=\"mkdf-icon-font-elegant social_linkedin mkdf-icon-element\" style=\"color: #ffffff\" ><\/span>                    <\/a>\n            <\/span>\n\t\t<\/div>\n\t<\/div>\n<\/div><\/div>[\/vc_column][\/vc_row]<\/p>\n<\/section>","protected":false},"excerpt":{"rendered":"<p>[vc_row content_placement=\u00a0\u00bbtop\u00a0\u00bb row_btt_skin=\u00a0\u00bblight\u00a0\u00bb row_background_text_position=\u00a0\u00bbfront\u00a0\u00bb][vc_column][vc_single_image image=\u00a0\u00bb8258&Prime; img_size=\u00a0\u00bbfull\u00a0\u00bb alignment=\u00a0\u00bbcenter\u00a0\u00bb][\/vc_column][\/vc_row][vc_row row_btt_skin=\u00a0\u00bblight\u00a0\u00bb row_background_text_position=\u00a0\u00bbfront\u00a0\u00bb][vc_column][\/vc_column][\/vc_row]<\/p>\n","protected":false},"author":1,"featured_media":0,"parent":0,"menu_order":0,"comment_status":"closed","ping_status":"closed","template":"full-width.php","meta":{"footnotes":""},"class_list":["post-7862","page","type-page","status-publish","hentry"],"_links":{"self":[{"href":"https:\/\/lesexterminateurs.ca\/fr\/wp-json\/wp\/v2\/pages\/7862","targetHints":{"allow":["GET"]}}],"collection":[{"href":"https:\/\/lesexterminateurs.ca\/fr\/wp-json\/wp\/v2\/pages"}],"about":[{"href":"https:\/\/lesexterminateurs.ca\/fr\/wp-json\/wp\/v2\/types\/page"}],"author":[{"embeddable":true,"href":"https:\/\/lesexterminateurs.ca\/fr\/wp-json\/wp\/v2\/users\/1"}],"replies":[{"embeddable":true,"href":"https:\/\/lesexterminateurs.ca\/fr\/wp-json\/wp\/v2\/comments?post=7862"}],"version-history":[{"count":13,"href":"https:\/\/lesexterminateurs.ca\/fr\/wp-json\/wp\/v2\/pages\/7862\/revisions"}],"predecessor-version":[{"id":8280,"href":"https:\/\/lesexterminateurs.ca\/fr\/wp-json\/wp\/v2\/pages\/7862\/revisions\/8280"}],"wp:attachment":[{"href":"https:\/\/lesexterminateurs.ca\/fr\/wp-json\/wp\/v2\/media?parent=7862"}],"curies":[{"name":"wp","href":"https:\/\/api.w.org\/{rel}","templated":true}]}}